{"id":591,"date":"2026-02-09T13:54:20","date_gmt":"2026-02-09T13:54:20","guid":{"rendered":"https:\/\/comadev.com\/?page_id=591"},"modified":"2026-02-12T12:15:41","modified_gmt":"2026-02-12T12:15:41","slug":"comadev-global","status":"publish","type":"page","link":"https:\/\/comadev.com\/en\/comadev-global\/","title":{"rendered":"Comadev Global"},"content":{"rendered":"<p>[et_pb_section fb_built=&#8221;1&#8243; custom_padding_last_edited=&#8221;on|desktop&#8221; _builder_version=&#8221;4.27.5&#8243; background_enable_color=&#8221;off&#8221; background_image=&#8221;https:\/\/comadev.com\/wp-content\/uploads\/2026\/02\/Kuva-1-\u2013-kopio-2-e1770898505154.png&#8221; custom_margin=&#8221;||||false|false&#8221; custom_margin_tablet=&#8221;&#8221; custom_margin_phone=&#8221;&#8221; custom_margin_last_edited=&#8221;on|desktop&#8221; custom_padding=&#8221;230px|0px|230px|0px|false|false&#8221; custom_padding_tablet=&#8221;&#8221; custom_padding_phone=&#8221;80px||80px||true&#8221; hover_enabled=&#8221;0&#8243; global_colors_info=&#8221;{}&#8221; sticky_enabled=&#8221;0&#8243; title_text=&#8221;Kuva 1 \u2013 kopio&#8221;][et_pb_row column_structure=&#8221;2_3,1_3&#8243; use_custom_gutter=&#8221;on&#8221; gutter_width=&#8221;2&#8243; make_equal=&#8221;on&#8221; _builder_version=&#8221;4.27.5&#8243; width=&#8221;98%&#8221; width_tablet=&#8221;90%&#8221; width_phone=&#8221;90%&#8221; width_last_edited=&#8221;on|phone&#8221; max_width=&#8221;1170px&#8221; max_width_tablet=&#8221;90%&#8221; max_width_phone=&#8221;90%&#8221; max_width_last_edited=&#8221;on|tablet&#8221; custom_padding=&#8221;||0px|||&#8221; global_colors_info=&#8221;{}&#8221;][et_pb_column type=&#8221;2_3&#8243; _builder_version=&#8221;4.27.5&#8243; background_color=&#8221;rgba(2,0,0,0.6)&#8221; custom_padding=&#8221;|||&#8221; global_colors_info=&#8221;{}&#8221; custom_padding__hover=&#8221;|||&#8221;][et_pb_text _builder_version=&#8221;4.27.5&#8243; header_font=&#8221;Teko|700|||||||&#8221; header_text_color=&#8221;#ffd300&#8243; header_font_size=&#8221;70px&#8221; header_line_height=&#8221;1.3em&#8221; width=&#8221;100%&#8221; custom_margin=&#8221;-2px|-44px|0px||false|false&#8221; custom_padding=&#8221;15px|0px|10px|0px|false|false&#8221; animation_direction=&#8221;right&#8221; header_font_size_tablet=&#8221;&#8221; header_font_size_phone=&#8221;50px&#8221; header_font_size_last_edited=&#8221;on|desktop&#8221; global_colors_info=&#8221;{}&#8221;]<\/p>\n<h1>\u00a0Luotettava ja<br \/><span style=\"color: #ffffff;\">\u00a0tehokas kumppani.<\/span><\/h1>\n<p>[\/et_pb_text][\/et_pb_column][et_pb_column type=&#8221;1_3&#8243; _builder_version=&#8221;4.16&#8243; custom_padding=&#8221;|||&#8221; global_colors_info=&#8221;{}&#8221; custom_padding__hover=&#8221;|||&#8221;][\/et_pb_column][\/et_pb_row][\/et_pb_section][et_pb_section fb_built=&#8221;1&#8243; disabled_on=&#8221;off|off|off&#8221; _builder_version=&#8221;4.16&#8243; background_color=&#8221;#09162A&#8221; custom_padding=&#8221;80px||80px||true|&#8221; hover_enabled=&#8221;0&#8243; global_colors_info=&#8221;{}&#8221; sticky_enabled=&#8221;0&#8243;][et_pb_row _builder_version=&#8221;4.16&#8243; _module_preset=&#8221;default&#8221; global_colors_info=&#8221;{}&#8221;][et_pb_column type=&#8221;4_4&#8243; _builder_version=&#8221;4.16&#8243; _module_preset=&#8221;default&#8221; global_colors_info=&#8221;{}&#8221;][et_pb_text _builder_version=&#8221;4.17.3&#8243; header_font=&#8221;Teko|300|||||||&#8221; header_text_color=&#8221;#FFFFFF&#8221; header_font_size=&#8221;53px&#8221; header_line_height=&#8221;1.1em&#8221; header_2_font=&#8221;Teko||||||||&#8221; header_2_text_color=&#8221;#FFFFFF&#8221; header_2_font_size=&#8221;42px&#8221; module_alignment=&#8221;center&#8221; custom_margin=&#8221;-13px||-4px|||&#8221; header_font_size_tablet=&#8221;&#8221; header_font_size_phone=&#8221;40px&#8221; header_font_size_last_edited=&#8221;on|desktop&#8221; global_colors_info=&#8221;{}&#8221;]<\/p>\n<h2 style=\"text-align: center;\"><span style=\"color: #ffd300;\"><strong>Palveluita asiakkaillemme Afrikassa<\/strong><\/span><\/h2>\n<p>[\/et_pb_text][et_pb_text _builder_version=&#8221;4.17.3&#8243; text_font=&#8221;Rajdhani|600|||||||&#8221; text_text_color=&#8221;#FFFFFF&#8221; text_font_size=&#8221;18px&#8221; header_text_color=&#8221;#FFFFFF&#8221; header_4_font=&#8221;Teko||||||||&#8221; header_4_text_align=&#8221;center&#8221; header_4_text_color=&#8221;#FFFFFF&#8221; header_4_font_size=&#8221;26px&#8221; header_4_line_height=&#8221;1.5em&#8221; header_5_font=&#8221;Teko||||||||&#8221; header_5_text_align=&#8221;center&#8221; header_5_text_color=&#8221;#ff5e15&#8243; header_5_font_size=&#8221;17px&#8221; header_5_line_height=&#8221;3.9em&#8221; text_orientation=&#8221;center&#8221; width=&#8221;61%&#8221; width_tablet=&#8221;&#8221; width_phone=&#8221;100%&#8221; width_last_edited=&#8221;on|phone&#8221; module_alignment=&#8221;center&#8221; custom_padding=&#8221;11px|30px|0px|30px||true&#8221; text_text_align=&#8221;center&#8221; global_colors_info=&#8221;{}&#8221; header_4_text_color__hover_enabled=&#8221;on&#8221; header_4_text_color__hover=&#8221;#ff5e15&#8243;]<\/p>\n<p style=\"text-align: left;\"><span>Vuodesta 2025 l\u00e4htien Comadev on k\u00e4ynnist\u00e4nyt palvelutuotantonsa ja liiketoimintansa Afrikassa, aloittaen Botswanasta ja laajentaen Zambiaan. Palvelemme asiakkaitamme molemmissa maissa, ja kairausoperaatiot ovat onnistuneesti k\u00e4ynniss\u00e4 Botswanassa. Olemme valmiita laajentamaan yhteisty\u00f6t\u00e4mme kaivos- ja malminetsint\u00e4yhti\u00f6iden kanssa Saharan etel\u00e4puolisella alueella sek\u00e4 pinta- ett\u00e4 maanalaisissa kairauskohteissa.<\/span><\/p>\n<p><span>\u00a0<\/span><\/p>\n<p style=\"text-align: left;\"><span>Afrikassa tavoitteemme on tarjota asiakkaillemme vahvaa ammatillista osaamistamme sek\u00e4 korkealaatuisia kairasyd\u00e4nn\u00e4ytteit\u00e4 my\u00f6s vaativissa olosuhteissa. Toimitamme palvelumme tinkim\u00e4tt\u00e4 t\u00e4rkeimmist\u00e4 arvoistamme, jotka erottavat meid\u00e4t kilpailijoistamme: sitoutumisesta, jatkuvasta kehityksest\u00e4 ja ennakoinnista r\u00e4\u00e4t\u00e4l\u00f6ityn\u00e4 asiakasvaatimusten mukaan. Palvelulupauksemme perustuu siihen<\/span>,<span> ett\u00e4 yhdist\u00e4mme tiiviin paikallisen asiakasyhteisty\u00f6n vahvan ammattiosaamiseemme siirtymiseen Comadev Skandinaviasta. Toteutamme ty\u00f6mme paikalliskumppaniemme kanssa tinkim\u00e4tt\u00e4 ihmisten ja ymp\u00e4rist\u00f6n turvallisuudesta.<\/span><\/p>\n<p><span>\u00a0<\/span><\/p>\n<p style=\"text-align: left;\"><span>L\u00f6yd\u00e4t paikalliset yhteyshenkil\u00f6t ja liiketoiminnan edustajat osoitteesta: <a href=\"https:\/\/comadev.com\/yhteystiedot\/\">https:\/\/comadev.com\/yhteystiedot\/<\/a><\/span><\/p>\n<p>[\/et_pb_text][\/et_pb_column][\/et_pb_row][\/et_pb_section]<\/p>\n","protected":false},"excerpt":{"rendered":"<p>\u00a0Luotettava ja\u00a0tehokas kumppani.Palveluita asiakkaillemme AfrikassaVuodesta 2025 l\u00e4htien Comadev on k\u00e4ynnist\u00e4nyt palvelutuotantonsa ja liiketoimintansa Afrikassa, aloittaen Botswanasta ja laajentaen Zambiaan. Palvelemme asiakkaitamme molemmissa maissa, ja kairausoperaatiot ovat onnistuneesti k\u00e4ynniss\u00e4 Botswanassa. Olemme valmiita laajentamaan yhteisty\u00f6t\u00e4mme kaivos- ja malminetsint\u00e4yhti\u00f6iden kanssa Saharan etel\u00e4puolisella alueella sek\u00e4 pinta- ett\u00e4 maanalaisissa kairauskohteissa. \u00a0 Afrikassa tavoitteemme on tarjota asiakkaillemme vahvaa ammatillista osaamistamme sek\u00e4 [&hellip;]<\/p>\n","protected":false},"author":2,"featured_media":0,"parent":0,"menu_order":0,"comment_status":"closed","ping_status":"closed","template":"","meta":{"_acf_changed":false,"_et_pb_use_builder":"on","_et_pb_old_content":"","_et_gb_content_width":"","footnotes":""},"class_list":["post-591","page","type-page","status-publish","hentry"],"acf":[],"yoast_head":"<!-- This site is optimized with the Yoast SEO plugin v27.5 - https:\/\/yoast.com\/product\/yoast-seo-wordpress\/ -->\n<title>Comadev Global - Comadev<\/title>\n<meta name=\"robots\" content=\"index, follow, max-snippet:-1, max-image-preview:large, max-video-preview:-1\" \/>\n<link rel=\"canonical\" href=\"https:\/\/comadev.com\/en\/comadev-global\/\" \/>\n<meta property=\"og:locale\" content=\"en_US\" \/>\n<meta property=\"og:type\" content=\"article\" \/>\n<meta property=\"og:title\" content=\"Comadev Global - Comadev\" \/>\n<meta property=\"og:description\" content=\"\u00a0Luotettava ja\u00a0tehokas kumppani.Palveluita asiakkaillemme AfrikassaVuodesta 2025 l\u00e4htien Comadev on k\u00e4ynnist\u00e4nyt palvelutuotantonsa ja liiketoimintansa Afrikassa, aloittaen Botswanasta ja laajentaen Zambiaan. Palvelemme asiakkaitamme molemmissa maissa, ja kairausoperaatiot ovat onnistuneesti k\u00e4ynniss\u00e4 Botswanassa. Olemme valmiita laajentamaan yhteisty\u00f6t\u00e4mme kaivos- ja malminetsint\u00e4yhti\u00f6iden kanssa Saharan etel\u00e4puolisella alueella sek\u00e4 pinta- ett\u00e4 maanalaisissa kairauskohteissa. \u00a0 Afrikassa tavoitteemme on tarjota asiakkaillemme vahvaa ammatillista osaamistamme sek\u00e4 [&hellip;]\" \/>\n<meta property=\"og:url\" content=\"https:\/\/comadev.com\/en\/comadev-global\/\" \/>\n<meta property=\"og:site_name\" content=\"Comadev\" \/>\n<meta property=\"article:modified_time\" content=\"2026-02-12T12:15:41+00:00\" \/>\n<meta name=\"twitter:card\" content=\"summary_large_image\" \/>\n<meta name=\"twitter:label1\" content=\"Est. reading time\" \/>\n\t<meta name=\"twitter:data1\" content=\"3 minutes\" \/>\n<script type=\"application\/ld+json\" class=\"yoast-schema-graph\">{\"@context\":\"https:\\\/\\\/schema.org\",\"@graph\":[{\"@type\":\"WebPage\",\"@id\":\"https:\\\/\\\/comadev.com\\\/comadev-global\\\/\",\"url\":\"https:\\\/\\\/comadev.com\\\/comadev-global\\\/\",\"name\":\"Comadev Global - Comadev\",\"isPartOf\":{\"@id\":\"https:\\\/\\\/comadev.com\\\/#website\"},\"datePublished\":\"2026-02-09T13:54:20+00:00\",\"dateModified\":\"2026-02-12T12:15:41+00:00\",\"breadcrumb\":{\"@id\":\"https:\\\/\\\/comadev.com\\\/comadev-global\\\/#breadcrumb\"},\"inLanguage\":\"en-US\",\"potentialAction\":[{\"@type\":\"ReadAction\",\"target\":[\"https:\\\/\\\/comadev.com\\\/comadev-global\\\/\"]}]},{\"@type\":\"BreadcrumbList\",\"@id\":\"https:\\\/\\\/comadev.com\\\/comadev-global\\\/#breadcrumb\",\"itemListElement\":[{\"@type\":\"ListItem\",\"position\":1,\"name\":\"Etusivu\",\"item\":\"https:\\\/\\\/comadev.com\\\/\"},{\"@type\":\"ListItem\",\"position\":2,\"name\":\"Comadev Global\"}]},{\"@type\":\"WebSite\",\"@id\":\"https:\\\/\\\/comadev.com\\\/#website\",\"url\":\"https:\\\/\\\/comadev.com\\\/\",\"name\":\"Comadev\",\"description\":\"Core drilling and sampling\",\"publisher\":{\"@id\":\"https:\\\/\\\/comadev.com\\\/#organization\"},\"potentialAction\":[{\"@type\":\"SearchAction\",\"target\":{\"@type\":\"EntryPoint\",\"urlTemplate\":\"https:\\\/\\\/comadev.com\\\/?s={search_term_string}\"},\"query-input\":{\"@type\":\"PropertyValueSpecification\",\"valueRequired\":true,\"valueName\":\"search_term_string\"}}],\"inLanguage\":\"en-US\"},{\"@type\":\"Organization\",\"@id\":\"https:\\\/\\\/comadev.com\\\/#organization\",\"name\":\"Comadev\",\"url\":\"https:\\\/\\\/comadev.com\\\/\",\"logo\":{\"@type\":\"ImageObject\",\"inLanguage\":\"en-US\",\"@id\":\"https:\\\/\\\/comadev.com\\\/#\\\/schema\\\/logo\\\/image\\\/\",\"url\":\"https:\\\/\\\/comadev.com\\\/wp-content\\\/uploads\\\/2022\\\/03\\\/Comadev-logo.jpg\",\"contentUrl\":\"https:\\\/\\\/comadev.com\\\/wp-content\\\/uploads\\\/2022\\\/03\\\/Comadev-logo.jpg\",\"width\":2130,\"height\":492,\"caption\":\"Comadev\"},\"image\":{\"@id\":\"https:\\\/\\\/comadev.com\\\/#\\\/schema\\\/logo\\\/image\\\/\"}}]}<\/script>\n<!-- \/ Yoast SEO plugin. -->","yoast_head_json":{"title":"Comadev Global - Comadev","robots":{"index":"index","follow":"follow","max-snippet":"max-snippet:-1","max-image-preview":"max-image-preview:large","max-video-preview":"max-video-preview:-1"},"canonical":"https:\/\/comadev.com\/en\/comadev-global\/","og_locale":"en_US","og_type":"article","og_title":"Comadev Global - Comadev","og_description":"\u00a0Luotettava ja\u00a0tehokas kumppani.Palveluita asiakkaillemme AfrikassaVuodesta 2025 l\u00e4htien Comadev on k\u00e4ynnist\u00e4nyt palvelutuotantonsa ja liiketoimintansa Afrikassa, aloittaen Botswanasta ja laajentaen Zambiaan. Palvelemme asiakkaitamme molemmissa maissa, ja kairausoperaatiot ovat onnistuneesti k\u00e4ynniss\u00e4 Botswanassa. Olemme valmiita laajentamaan yhteisty\u00f6t\u00e4mme kaivos- ja malminetsint\u00e4yhti\u00f6iden kanssa Saharan etel\u00e4puolisella alueella sek\u00e4 pinta- ett\u00e4 maanalaisissa kairauskohteissa. \u00a0 Afrikassa tavoitteemme on tarjota asiakkaillemme vahvaa ammatillista osaamistamme sek\u00e4 [&hellip;]","og_url":"https:\/\/comadev.com\/en\/comadev-global\/","og_site_name":"Comadev","article_modified_time":"2026-02-12T12:15:41+00:00","twitter_card":"summary_large_image","twitter_misc":{"Est. reading time":"3 minutes"},"schema":{"@context":"https:\/\/schema.org","@graph":[{"@type":"WebPage","@id":"https:\/\/comadev.com\/comadev-global\/","url":"https:\/\/comadev.com\/comadev-global\/","name":"Comadev Global - Comadev","isPartOf":{"@id":"https:\/\/comadev.com\/#website"},"datePublished":"2026-02-09T13:54:20+00:00","dateModified":"2026-02-12T12:15:41+00:00","breadcrumb":{"@id":"https:\/\/comadev.com\/comadev-global\/#breadcrumb"},"inLanguage":"en-US","potentialAction":[{"@type":"ReadAction","target":["https:\/\/comadev.com\/comadev-global\/"]}]},{"@type":"BreadcrumbList","@id":"https:\/\/comadev.com\/comadev-global\/#breadcrumb","itemListElement":[{"@type":"ListItem","position":1,"name":"Etusivu","item":"https:\/\/comadev.com\/"},{"@type":"ListItem","position":2,"name":"Comadev Global"}]},{"@type":"WebSite","@id":"https:\/\/comadev.com\/#website","url":"https:\/\/comadev.com\/","name":"Comadev","description":"Core drilling and sampling","publisher":{"@id":"https:\/\/comadev.com\/#organization"},"potentialAction":[{"@type":"SearchAction","target":{"@type":"EntryPoint","urlTemplate":"https:\/\/comadev.com\/?s={search_term_string}"},"query-input":{"@type":"PropertyValueSpecification","valueRequired":true,"valueName":"search_term_string"}}],"inLanguage":"en-US"},{"@type":"Organization","@id":"https:\/\/comadev.com\/#organization","name":"Comadev","url":"https:\/\/comadev.com\/","logo":{"@type":"ImageObject","inLanguage":"en-US","@id":"https:\/\/comadev.com\/#\/schema\/logo\/image\/","url":"https:\/\/comadev.com\/wp-content\/uploads\/2022\/03\/Comadev-logo.jpg","contentUrl":"https:\/\/comadev.com\/wp-content\/uploads\/2022\/03\/Comadev-logo.jpg","width":2130,"height":492,"caption":"Comadev"},"image":{"@id":"https:\/\/comadev.com\/#\/schema\/logo\/image\/"}}]}},"_links":{"self":[{"href":"https:\/\/comadev.com\/en\/wp-json\/wp\/v2\/pages\/591","targetHints":{"allow":["GET"]}}],"collection":[{"href":"https:\/\/comadev.com\/en\/wp-json\/wp\/v2\/pages"}],"about":[{"href":"https:\/\/comadev.com\/en\/wp-json\/wp\/v2\/types\/page"}],"author":[{"embeddable":true,"href":"https:\/\/comadev.com\/en\/wp-json\/wp\/v2\/users\/2"}],"replies":[{"embeddable":true,"href":"https:\/\/comadev.com\/en\/wp-json\/wp\/v2\/comments?post=591"}],"version-history":[{"count":12,"href":"https:\/\/comadev.com\/en\/wp-json\/wp\/v2\/pages\/591\/revisions"}],"predecessor-version":[{"id":663,"href":"https:\/\/comadev.com\/en\/wp-json\/wp\/v2\/pages\/591\/revisions\/663"}],"wp:attachment":[{"href":"https:\/\/comadev.com\/en\/wp-json\/wp\/v2\/media?parent=591"}],"curies":[{"name":"wp","href":"https:\/\/api.w.org\/{rel}","templated":true}]}}