{"id":592,"date":"2026-02-09T14:03:13","date_gmt":"2026-02-09T14:03:13","guid":{"rendered":"https:\/\/comadev.com\/?page_id=592"},"modified":"2026-02-09T14:03:13","modified_gmt":"2026-02-09T14:03:13","slug":"comadev-skandinavia","status":"publish","type":"page","link":"https:\/\/comadev.com\/en\/comadev-skandinavia\/","title":{"rendered":"Comadev Scandinavia"},"content":{"rendered":"<p>[et_pb_section fb_built=&#8221;1&#8243; custom_padding_last_edited=&#8221;on|desktop&#8221; _builder_version=&#8221;4.16&#8243; background_enable_color=&#8221;off&#8221; background_image=&#8221;https:\/\/comadev.com\/wp-content\/uploads\/2022\/03\/comadev-tarina.jpg&#8221; parallax=&#8221;on&#8221; custom_margin=&#8221;||||false|false&#8221; custom_margin_tablet=&#8221;&#8221; custom_margin_phone=&#8221;&#8221; custom_margin_last_edited=&#8221;on|desktop&#8221; custom_padding=&#8221;230px|0px|230px|0px|true|false&#8221; custom_padding_tablet=&#8221;&#8221; custom_padding_phone=&#8221;80px||80px||true&#8221; global_colors_info=&#8221;{}&#8221;][et_pb_row use_custom_gutter=&#8221;on&#8221; gutter_width=&#8221;2&#8243; make_equal=&#8221;on&#8221; _builder_version=&#8221;4.16&#8243; width=&#8221;98%&#8221; width_tablet=&#8221;90%&#8221; width_phone=&#8221;90%&#8221; width_last_edited=&#8221;on|phone&#8221; max_width=&#8221;1170px&#8221; max_width_tablet=&#8221;90%&#8221; max_width_phone=&#8221;90%&#8221; max_width_last_edited=&#8221;on|tablet&#8221; custom_padding=&#8221;||0px|||&#8221; global_colors_info=&#8221;{}&#8221;][et_pb_column type=&#8221;4_4&#8243; _builder_version=&#8221;4.16&#8243; custom_padding=&#8221;|||&#8221; global_colors_info=&#8221;{}&#8221; custom_padding__hover=&#8221;|||&#8221;][et_pb_text _builder_version=&#8221;4.16&#8243; header_font=&#8221;Teko|700|||||||&#8221; header_text_color=&#8221;#ffd300&#8243; header_font_size=&#8221;70px&#8221; header_line_height=&#8221;1.3em&#8221; custom_margin=&#8221;-2px||0px||false|false&#8221; custom_padding=&#8221;15px||10px||false|false&#8221; animation_direction=&#8221;right&#8221; header_font_size_tablet=&#8221;&#8221; header_font_size_phone=&#8221;50px&#8221; header_font_size_last_edited=&#8221;on|desktop&#8221; global_colors_info=&#8221;{}&#8221;]<\/p>\n<h1>Luotettava ja<br \/><span style=\"color: #ffffff;\">tehokas kumppani.<\/span><\/h1>\n<p>&nbsp;<\/p>\n<p>[\/et_pb_text][\/et_pb_column][\/et_pb_row][\/et_pb_section][et_pb_section fb_built=&#8221;1&#8243; disabled_on=&#8221;off|off|off&#8221; _builder_version=&#8221;4.16&#8243; background_color=&#8221;#09162A&#8221; custom_padding=&#8221;80px||80px||true|&#8221; global_colors_info=&#8221;{}&#8221;][et_pb_row _builder_version=&#8221;4.16&#8243; _module_preset=&#8221;default&#8221; global_colors_info=&#8221;{}&#8221;][et_pb_column type=&#8221;4_4&#8243; _builder_version=&#8221;4.16&#8243; _module_preset=&#8221;default&#8221; global_colors_info=&#8221;{}&#8221;][et_pb_text _builder_version=&#8221;4.17.3&#8243; header_font=&#8221;Teko|300|||||||&#8221; header_text_color=&#8221;#FFFFFF&#8221; header_font_size=&#8221;53px&#8221; header_line_height=&#8221;1.1em&#8221; header_2_font=&#8221;Teko||||||||&#8221; header_2_text_color=&#8221;#FFFFFF&#8221; header_2_font_size=&#8221;42px&#8221; module_alignment=&#8221;center&#8221; custom_margin=&#8221;-13px||-4px|||&#8221; header_font_size_tablet=&#8221;&#8221; header_font_size_phone=&#8221;40px&#8221; header_font_size_last_edited=&#8221;on|desktop&#8221; global_colors_info=&#8221;{}&#8221;]<\/p>\n<h2 style=\"text-align: center;\"><strong>Comadev <span color=\"#ffd300\" style=\"color: #ffd300;\">Oy<\/span><\/strong><\/h2>\n<p>[\/et_pb_text][et_pb_text _builder_version=&#8221;4.17.3&#8243; text_font=&#8221;Rajdhani|600|||||||&#8221; text_text_color=&#8221;#FFFFFF&#8221; text_font_size=&#8221;18px&#8221; header_text_color=&#8221;#FFFFFF&#8221; header_4_font=&#8221;Teko||||||||&#8221; header_4_text_align=&#8221;center&#8221; header_4_text_color=&#8221;#FFFFFF&#8221; header_4_font_size=&#8221;26px&#8221; header_4_line_height=&#8221;1.5em&#8221; header_5_font=&#8221;Teko||||||||&#8221; header_5_text_align=&#8221;center&#8221; header_5_text_color=&#8221;#ff5e15&#8243; header_5_font_size=&#8221;17px&#8221; header_5_line_height=&#8221;3.9em&#8221; text_orientation=&#8221;center&#8221; width=&#8221;61%&#8221; width_tablet=&#8221;&#8221; width_phone=&#8221;100%&#8221; width_last_edited=&#8221;on|phone&#8221; module_alignment=&#8221;center&#8221; custom_padding=&#8221;11px|30px|0px|30px||true&#8221; text_text_align=&#8221;center&#8221; global_colors_info=&#8221;{}&#8221; header_4_text_color__hover_enabled=&#8221;on&#8221; header_4_text_color__hover=&#8221;#ff5e15&#8243;]<\/p>\n<p style=\"text-align: left;\"><span style=\"font-size: 18px;\">Comadev on vuonna 2014 perustettu timanttikairaus urakointiin keskittyv\u00e4 yritys. Operoimme Rovaniemelt\u00e4, jossa tapahtuu kairauslaitteiden tuotekehitys sek\u00e4 huolto.<\/span><\/p>\n<ul><\/ul>\n<p style=\"text-align: left;\">Olemme kasvaneet voimakkaasti vuosi vuodelta sek\u00e4 palkanneet ja kouluttaneet jatkuvasti uusia ty\u00f6ntekij\u00f6it\u00e4. Haluamme kehitt\u00e4\u00e4 toimintaamme jatkuvasti, ja v<span style=\"font-size: 18px;\">isiomme on olla paras yhteisty\u00f6kumppani kaivoksille sek\u00e4 malminetsint\u00e4yrityksille.<\/span><\/p>\n<p>[\/et_pb_text][\/et_pb_column][\/et_pb_row][\/et_pb_section][et_pb_section fb_built=&#8221;1&#8243; fullwidth=&#8221;on&#8221; _builder_version=&#8221;4.17.3&#8243; _module_preset=&#8221;default&#8221; global_colors_info=&#8221;{}&#8221;][et_pb_fullwidth_image src=&#8221;https:\/\/comadev.com\/wp-content\/uploads\/2022\/04\/comadev-core-drilling.jpg&#8221; alt=&#8221;Comadev Core Drilling&#8221; title_text=&#8221;comadev-core-drilling&#8221; _builder_version=&#8221;4.17.3&#8243; _module_preset=&#8221;default&#8221; global_colors_info=&#8221;{}&#8221;][\/et_pb_fullwidth_image][\/et_pb_section]<\/p>\n","protected":false},"excerpt":{"rendered":"<p>Luotettava jatehokas kumppani. &nbsp;Comadev OyComadev on vuonna 2014 perustettu timanttikairaus urakointiin keskittyv\u00e4 yritys. Operoimme Rovaniemelt\u00e4, jossa tapahtuu kairauslaitteiden tuotekehitys sek\u00e4 huolto. Olemme kasvaneet voimakkaasti vuosi vuodelta sek\u00e4 palkanneet ja kouluttaneet jatkuvasti uusia ty\u00f6ntekij\u00f6it\u00e4. Haluamme kehitt\u00e4\u00e4 toimintaamme jatkuvasti, ja visiomme on olla paras yhteisty\u00f6kumppani kaivoksille sek\u00e4 malminetsint\u00e4yrityksille.<\/p>","protected":false},"author":2,"featured_media":0,"parent":0,"menu_order":0,"comment_status":"closed","ping_status":"closed","template":"","meta":{"_acf_changed":false,"_et_pb_use_builder":"on","_et_pb_old_content":"","_et_gb_content_width":"","footnotes":""},"class_list":["post-592","page","type-page","status-publish","hentry"],"acf":[],"yoast_head":"<!-- This site is optimized with the Yoast SEO plugin v27.5 - https:\/\/yoast.com\/product\/yoast-seo-wordpress\/ -->\n<title>Comadev Skandinavia - Comadev<\/title>\n<meta name=\"robots\" content=\"index, follow, max-snippet:-1, max-image-preview:large, max-video-preview:-1\" \/>\n<link rel=\"canonical\" href=\"https:\/\/comadev.com\/en\/comadev-skandinavia\/\" \/>\n<meta property=\"og:locale\" content=\"en_US\" \/>\n<meta property=\"og:type\" content=\"article\" \/>\n<meta property=\"og:title\" content=\"Comadev Skandinavia - Comadev\" \/>\n<meta property=\"og:description\" content=\"Luotettava jatehokas kumppani. &nbsp;Comadev OyComadev on vuonna 2014 perustettu timanttikairaus urakointiin keskittyv\u00e4 yritys. Operoimme Rovaniemelt\u00e4, jossa tapahtuu kairauslaitteiden tuotekehitys sek\u00e4 huolto. Olemme kasvaneet voimakkaasti vuosi vuodelta sek\u00e4 palkanneet ja kouluttaneet jatkuvasti uusia ty\u00f6ntekij\u00f6it\u00e4. Haluamme kehitt\u00e4\u00e4 toimintaamme jatkuvasti, ja visiomme on olla paras yhteisty\u00f6kumppani kaivoksille sek\u00e4 malminetsint\u00e4yrityksille.\" \/>\n<meta property=\"og:url\" content=\"https:\/\/comadev.com\/en\/comadev-skandinavia\/\" \/>\n<meta property=\"og:site_name\" content=\"Comadev\" \/>\n<meta name=\"twitter:card\" content=\"summary_large_image\" \/>\n<meta name=\"twitter:label1\" content=\"Est. reading time\" \/>\n\t<meta name=\"twitter:data1\" content=\"3 minutes\" \/>\n<script type=\"application\/ld+json\" class=\"yoast-schema-graph\">{\"@context\":\"https:\\\/\\\/schema.org\",\"@graph\":[{\"@type\":\"WebPage\",\"@id\":\"https:\\\/\\\/comadev.com\\\/comadev-skandinavia\\\/\",\"url\":\"https:\\\/\\\/comadev.com\\\/comadev-skandinavia\\\/\",\"name\":\"Comadev Skandinavia - Comadev\",\"isPartOf\":{\"@id\":\"https:\\\/\\\/comadev.com\\\/#website\"},\"datePublished\":\"2026-02-09T14:03:13+00:00\",\"breadcrumb\":{\"@id\":\"https:\\\/\\\/comadev.com\\\/comadev-skandinavia\\\/#breadcrumb\"},\"inLanguage\":\"en-US\",\"potentialAction\":[{\"@type\":\"ReadAction\",\"target\":[\"https:\\\/\\\/comadev.com\\\/comadev-skandinavia\\\/\"]}]},{\"@type\":\"BreadcrumbList\",\"@id\":\"https:\\\/\\\/comadev.com\\\/comadev-skandinavia\\\/#breadcrumb\",\"itemListElement\":[{\"@type\":\"ListItem\",\"position\":1,\"name\":\"Etusivu\",\"item\":\"https:\\\/\\\/comadev.com\\\/\"},{\"@type\":\"ListItem\",\"position\":2,\"name\":\"Comadev Skandinavia\"}]},{\"@type\":\"WebSite\",\"@id\":\"https:\\\/\\\/comadev.com\\\/#website\",\"url\":\"https:\\\/\\\/comadev.com\\\/\",\"name\":\"Comadev\",\"description\":\"Core drilling and sampling\",\"publisher\":{\"@id\":\"https:\\\/\\\/comadev.com\\\/#organization\"},\"potentialAction\":[{\"@type\":\"SearchAction\",\"target\":{\"@type\":\"EntryPoint\",\"urlTemplate\":\"https:\\\/\\\/comadev.com\\\/?s={search_term_string}\"},\"query-input\":{\"@type\":\"PropertyValueSpecification\",\"valueRequired\":true,\"valueName\":\"search_term_string\"}}],\"inLanguage\":\"en-US\"},{\"@type\":\"Organization\",\"@id\":\"https:\\\/\\\/comadev.com\\\/#organization\",\"name\":\"Comadev\",\"url\":\"https:\\\/\\\/comadev.com\\\/\",\"logo\":{\"@type\":\"ImageObject\",\"inLanguage\":\"en-US\",\"@id\":\"https:\\\/\\\/comadev.com\\\/#\\\/schema\\\/logo\\\/image\\\/\",\"url\":\"https:\\\/\\\/comadev.com\\\/wp-content\\\/uploads\\\/2022\\\/03\\\/Comadev-logo.jpg\",\"contentUrl\":\"https:\\\/\\\/comadev.com\\\/wp-content\\\/uploads\\\/2022\\\/03\\\/Comadev-logo.jpg\",\"width\":2130,\"height\":492,\"caption\":\"Comadev\"},\"image\":{\"@id\":\"https:\\\/\\\/comadev.com\\\/#\\\/schema\\\/logo\\\/image\\\/\"}}]}<\/script>\n<!-- \/ Yoast SEO plugin. -->","yoast_head_json":{"title":"Comadev Skandinavia - Comadev","robots":{"index":"index","follow":"follow","max-snippet":"max-snippet:-1","max-image-preview":"max-image-preview:large","max-video-preview":"max-video-preview:-1"},"canonical":"https:\/\/comadev.com\/en\/comadev-skandinavia\/","og_locale":"en_US","og_type":"article","og_title":"Comadev Skandinavia - Comadev","og_description":"Luotettava jatehokas kumppani. &nbsp;Comadev OyComadev on vuonna 2014 perustettu timanttikairaus urakointiin keskittyv\u00e4 yritys. Operoimme Rovaniemelt\u00e4, jossa tapahtuu kairauslaitteiden tuotekehitys sek\u00e4 huolto. Olemme kasvaneet voimakkaasti vuosi vuodelta sek\u00e4 palkanneet ja kouluttaneet jatkuvasti uusia ty\u00f6ntekij\u00f6it\u00e4. Haluamme kehitt\u00e4\u00e4 toimintaamme jatkuvasti, ja visiomme on olla paras yhteisty\u00f6kumppani kaivoksille sek\u00e4 malminetsint\u00e4yrityksille.","og_url":"https:\/\/comadev.com\/en\/comadev-skandinavia\/","og_site_name":"Comadev","twitter_card":"summary_large_image","twitter_misc":{"Est. reading time":"3 minutes"},"schema":{"@context":"https:\/\/schema.org","@graph":[{"@type":"WebPage","@id":"https:\/\/comadev.com\/comadev-skandinavia\/","url":"https:\/\/comadev.com\/comadev-skandinavia\/","name":"Comadev Skandinavia - Comadev","isPartOf":{"@id":"https:\/\/comadev.com\/#website"},"datePublished":"2026-02-09T14:03:13+00:00","breadcrumb":{"@id":"https:\/\/comadev.com\/comadev-skandinavia\/#breadcrumb"},"inLanguage":"en-US","potentialAction":[{"@type":"ReadAction","target":["https:\/\/comadev.com\/comadev-skandinavia\/"]}]},{"@type":"BreadcrumbList","@id":"https:\/\/comadev.com\/comadev-skandinavia\/#breadcrumb","itemListElement":[{"@type":"ListItem","position":1,"name":"Etusivu","item":"https:\/\/comadev.com\/"},{"@type":"ListItem","position":2,"name":"Comadev Skandinavia"}]},{"@type":"WebSite","@id":"https:\/\/comadev.com\/#website","url":"https:\/\/comadev.com\/","name":"Comadev","description":"Core drilling and sampling","publisher":{"@id":"https:\/\/comadev.com\/#organization"},"potentialAction":[{"@type":"SearchAction","target":{"@type":"EntryPoint","urlTemplate":"https:\/\/comadev.com\/?s={search_term_string}"},"query-input":{"@type":"PropertyValueSpecification","valueRequired":true,"valueName":"search_term_string"}}],"inLanguage":"en-US"},{"@type":"Organization","@id":"https:\/\/comadev.com\/#organization","name":"Comadev","url":"https:\/\/comadev.com\/","logo":{"@type":"ImageObject","inLanguage":"en-US","@id":"https:\/\/comadev.com\/#\/schema\/logo\/image\/","url":"https:\/\/comadev.com\/wp-content\/uploads\/2022\/03\/Comadev-logo.jpg","contentUrl":"https:\/\/comadev.com\/wp-content\/uploads\/2022\/03\/Comadev-logo.jpg","width":2130,"height":492,"caption":"Comadev"},"image":{"@id":"https:\/\/comadev.com\/#\/schema\/logo\/image\/"}}]}},"_links":{"self":[{"href":"https:\/\/comadev.com\/en\/wp-json\/wp\/v2\/pages\/592","targetHints":{"allow":["GET"]}}],"collection":[{"href":"https:\/\/comadev.com\/en\/wp-json\/wp\/v2\/pages"}],"about":[{"href":"https:\/\/comadev.com\/en\/wp-json\/wp\/v2\/types\/page"}],"author":[{"embeddable":true,"href":"https:\/\/comadev.com\/en\/wp-json\/wp\/v2\/users\/2"}],"replies":[{"embeddable":true,"href":"https:\/\/comadev.com\/en\/wp-json\/wp\/v2\/comments?post=592"}],"version-history":[{"count":2,"href":"https:\/\/comadev.com\/en\/wp-json\/wp\/v2\/pages\/592\/revisions"}],"predecessor-version":[{"id":595,"href":"https:\/\/comadev.com\/en\/wp-json\/wp\/v2\/pages\/592\/revisions\/595"}],"wp:attachment":[{"href":"https:\/\/comadev.com\/en\/wp-json\/wp\/v2\/media?parent=592"}],"curies":[{"name":"wp","href":"https:\/\/api.w.org\/{rel}","templated":true}]}}