{"id":93,"date":"2022-03-01T12:38:45","date_gmt":"2022-03-01T12:38:45","guid":{"rendered":"https:\/\/www.timotapaninen.fi\/comadev\/?page_id=93"},"modified":"2026-02-09T14:10:28","modified_gmt":"2026-02-09T14:10:28","slug":"yhteystiedot","status":"publish","type":"page","link":"https:\/\/comadev.com\/en\/yhteystiedot\/","title":{"rendered":"Contact"},"content":{"rendered":"<p>[et_pb_section fb_built=&#8221;1&#8243; custom_padding_last_edited=&#8221;on|desktop&#8221; _builder_version=&#8221;4.16&#8243; background_enable_color=&#8221;off&#8221; background_image=&#8221;https:\/\/comadev.com\/wp-content\/uploads\/2022\/04\/geopard-in-woods-1.jpg&#8221; parallax=&#8221;on&#8221; custom_margin=&#8221;||||false|false&#8221; custom_margin_tablet=&#8221;&#8221; custom_margin_phone=&#8221;&#8221; custom_margin_last_edited=&#8221;on|desktop&#8221; custom_padding=&#8221;230px|0px|230px|0px|true|false&#8221; custom_padding_tablet=&#8221;&#8221; custom_padding_phone=&#8221;80px||80px||true&#8221; global_colors_info=&#8221;{}&#8221;][et_pb_row use_custom_gutter=&#8221;on&#8221; gutter_width=&#8221;2&#8243; make_equal=&#8221;on&#8221; _builder_version=&#8221;4.16&#8243; width=&#8221;98%&#8221; width_tablet=&#8221;90%&#8221; width_phone=&#8221;90%&#8221; width_last_edited=&#8221;on|phone&#8221; max_width=&#8221;1170px&#8221; max_width_tablet=&#8221;90%&#8221; max_width_phone=&#8221;90%&#8221; max_width_last_edited=&#8221;on|tablet&#8221; custom_padding=&#8221;||0px|||&#8221; global_colors_info=&#8221;{}&#8221;][et_pb_column type=&#8221;4_4&#8243; _builder_version=&#8221;4.16&#8243; custom_padding=&#8221;|||&#8221; global_colors_info=&#8221;{}&#8221; custom_padding__hover=&#8221;|||&#8221;][et_pb_text _builder_version=&#8221;4.17.3&#8243; header_font=&#8221;Teko|700|||||||&#8221; header_text_color=&#8221;#ffd300&#8243; header_font_size=&#8221;70px&#8221; header_line_height=&#8221;1.3em&#8221; custom_margin=&#8221;-2px||0px||false|false&#8221; custom_padding=&#8221;15px||10px||false|false&#8221; animation_direction=&#8221;right&#8221; header_font_size_tablet=&#8221;&#8221; header_font_size_phone=&#8221;50px&#8221; header_font_size_last_edited=&#8221;on|desktop&#8221; global_colors_info=&#8221;{}&#8221;]<\/p>\n<h1>Ota yhteytt\u00e4,<br \/><span style=\"color: #ffffff;\">niin laitetaan asiat eteenp\u00e4in.<\/span><\/h1>\n<p>[\/et_pb_text][\/et_pb_column][\/et_pb_row][\/et_pb_section][et_pb_section fb_built=&#8221;1&#8243; custom_padding_last_edited=&#8221;on|tablet&#8221; disabled_on=&#8221;off|off|off&#8221; _builder_version=&#8221;4.16&#8243; background_color=&#8221;#09162A&#8221; custom_padding=&#8221;111px||111px||true|&#8221; custom_padding_tablet=&#8221;50px||50px||true|false&#8221; custom_padding_phone=&#8221;&#8221; global_colors_info=&#8221;{}&#8221;][et_pb_row _builder_version=&#8221;4.16&#8243; _module_preset=&#8221;default&#8221; global_colors_info=&#8221;{}&#8221;][et_pb_column type=&#8221;4_4&#8243; _builder_version=&#8221;4.16&#8243; _module_preset=&#8221;default&#8221; global_colors_info=&#8221;{}&#8221;][et_pb_text _builder_version=&#8221;4.16&#8243; header_font=&#8221;Teko|300|||||||&#8221; header_text_color=&#8221;#FFFFFF&#8221; header_font_size=&#8221;53px&#8221; header_line_height=&#8221;1.1em&#8221; module_alignment=&#8221;center&#8221; custom_margin=&#8221;-13px||&#8221; header_font_size_tablet=&#8221;&#8221; header_font_size_phone=&#8221;40px&#8221; header_font_size_last_edited=&#8221;on|desktop&#8221; global_colors_info=&#8221;{}&#8221;]<\/p>\n<h1 style=\"text-align: center;\"><strong>Yhteystiedot<\/strong><\/h1>\n<p>[\/et_pb_text][\/et_pb_column][\/et_pb_row][et_pb_row _builder_version=&#8221;4.27.5&#8243; _module_preset=&#8221;default&#8221; global_colors_info=&#8221;{}&#8221;][et_pb_column type=&#8221;4_4&#8243; _builder_version=&#8221;4.27.5&#8243; _module_preset=&#8221;default&#8221; global_colors_info=&#8221;{}&#8221;][et_pb_text _builder_version=&#8221;4.27.5&#8243; _module_preset=&#8221;default&#8221; custom_padding=&#8221;||1px|||&#8221; global_colors_info=&#8221;{}&#8221;]<\/p>\n<h2><span style=\"text-decoration: underline;\"><strong><span style=\"color: #ffffff; text-decoration: underline;\">Comadev konserni<\/span><\/strong><\/span><\/h2>\n<p>[\/et_pb_text][\/et_pb_column][\/et_pb_row][et_pb_row column_structure=&#8221;1_2,1_2&#8243; _builder_version=&#8221;4.16&#8243; _module_preset=&#8221;default&#8221; global_colors_info=&#8221;{}&#8221;][et_pb_column type=&#8221;1_2&#8243; _builder_version=&#8221;4.16&#8243; _module_preset=&#8221;default&#8221; global_colors_info=&#8221;{}&#8221;][et_pb_text _builder_version=&#8221;4.16&#8243; _module_preset=&#8221;default&#8221; text_font=&#8221;Teko||||||||&#8221; text_text_color=&#8221;#000000&#8243; text_font_size=&#8221;24px&#8221; text_line_height=&#8221;1em&#8221; background_color=&#8221;#000000&#8243; custom_margin=&#8221;|-3px|0px||false|false&#8221; custom_padding=&#8221;10px||0px|10px|false|false&#8221; border_radii=&#8221;on|7px|7px|7px|7px&#8221; border_width_all=&#8221;2px&#8221; border_color_all=&#8221;#FFD300&#8243; global_colors_info=&#8221;{}&#8221;]<\/p>\n<p><strong style=\"color: #ffffff; font-size: xx-large;\">Eetu Pussinen<\/strong><\/p>\n<p><span style=\"color: #ffd300;\">TOIMITUSJOHTAJA, MYYNTIJOHTAJA<br \/><span style=\"text-decoration: underline; color: #ffd300;\"><br \/><a href=\"tel:+358407735064\" style=\"color: #ffd300; text-decoration: underline;\">+358 40 773 5064<\/a><\/span><\/span><\/p>\n<p><a href=\"mailto:eetu.pussinen@comadev.com\">eetu.pussinen@comadev.com<\/a><\/p>\n<p>&nbsp;<\/p>\n<p>[\/et_pb_text][\/et_pb_column][et_pb_column type=&#8221;1_2&#8243; _builder_version=&#8221;4.16&#8243; _module_preset=&#8221;default&#8221; global_colors_info=&#8221;{}&#8221;][\/et_pb_column][\/et_pb_row][et_pb_row _builder_version=&#8221;4.27.5&#8243; _module_preset=&#8221;default&#8221; global_colors_info=&#8221;{}&#8221;][et_pb_column type=&#8221;4_4&#8243; _builder_version=&#8221;4.27.5&#8243; _module_preset=&#8221;default&#8221; global_colors_info=&#8221;{}&#8221;][et_pb_text _builder_version=&#8221;4.27.5&#8243; _module_preset=&#8221;default&#8221; global_colors_info=&#8221;{}&#8221;]<\/p>\n<h2><span style=\"text-decoration: underline;\"><span style=\"color: #ffffff; text-decoration: underline;\"><strong>Comadev S<\/strong><strong>kandinavia<\/strong><\/span><\/span><\/h2>\n<p>[\/et_pb_text][\/et_pb_column][\/et_pb_row][et_pb_row column_structure=&#8221;1_2,1_2&#8243; _builder_version=&#8221;4.27.5&#8243; _module_preset=&#8221;default&#8221; global_colors_info=&#8221;{}&#8221;][et_pb_column type=&#8221;1_2&#8243; _builder_version=&#8221;4.16&#8243; _module_preset=&#8221;default&#8221; global_colors_info=&#8221;{}&#8221;][et_pb_text _builder_version=&#8221;4.27.5&#8243; _module_preset=&#8221;default&#8221; text_font=&#8221;Teko||||||||&#8221; text_text_color=&#8221;#000000&#8243; text_font_size=&#8221;24px&#8221; text_line_height=&#8221;1em&#8221; background_color=&#8221;#000000&#8243; custom_margin=&#8221;20px||0px||false|false&#8221; custom_padding=&#8221;10px||0px|10px|false|false&#8221; border_radii=&#8221;on|7px|7px|7px|7px&#8221; border_width_all=&#8221;2px&#8221; border_color_all=&#8221;#FFD300&#8243; global_colors_info=&#8221;{}&#8221;]<\/p>\n<p><strong style=\"color: #ffffff; font-size: xx-large;\">Jari Mulari<\/strong><\/p>\n<p><span style=\"color: #ffd300;\">OPERATIIVINEN JOHTAJA<\/span><\/p>\n<p><span style=\"color: #ffd300;\"><span style=\"text-decoration: underline; color: #ffd300;\"><a href=\"tel:+358407397038\" style=\"color: #ffd300; text-decoration: underline;\">+358 40 739 7038<\/a><\/span><\/span><\/p>\n<p><a href=\"mailto:jari.mulari@comadev.com\">jari.mulari@comadev.com<\/a><\/p>\n<p>&nbsp;<\/p>\n<p>[\/et_pb_text][et_pb_text _builder_version=&#8221;4.27.4&#8243; _module_preset=&#8221;default&#8221; text_font=&#8221;Teko||||||||&#8221; text_text_color=&#8221;#000000&#8243; text_font_size=&#8221;24px&#8221; text_line_height=&#8221;1em&#8221; background_color=&#8221;#000000&#8243; custom_margin=&#8221;20px||0px||false|false&#8221; custom_padding=&#8221;10px||0px|10px|false|false&#8221; border_radii=&#8221;on|7px|7px|7px|7px&#8221; border_width_all=&#8221;2px&#8221; border_color_all=&#8221;#FFD300&#8243; global_colors_info=&#8221;{}&#8221;]<\/p>\n<p><strong style=\"color: #ffffff; font-size: xx-large;\">Reskontra<\/strong><\/p>\n<p><span style=\"color: #ffd300;\"><span style=\"text-decoration: underline; color: #ffd300;\"><a href=\"tel:+358401812011\" style=\"color: #ffd300; text-decoration: underline;\">+358 40 181 2011<\/a><\/span><\/span><\/p>\n<p><a href=\"mailto:hallinto@comadev.com\">hallinto@comadev.com<\/a><\/p>\n<p>&nbsp;<\/p>\n<p>[\/et_pb_text][et_pb_text _builder_version=&#8221;4.27.4&#8243; _module_preset=&#8221;default&#8221; text_font=&#8221;Teko||||||||&#8221; text_text_color=&#8221;#000000&#8243; text_font_size=&#8221;24px&#8221; text_line_height=&#8221;1em&#8221; background_color=&#8221;#000000&#8243; custom_margin=&#8221;20px||0px||false|false&#8221; custom_padding=&#8221;10px||0px|10px|false|false&#8221; border_radii=&#8221;on|8px|8px|8px|8px&#8221; border_width_all=&#8221;2px&#8221; border_color_all=&#8221;#FFD300&#8243; global_colors_info=&#8221;{}&#8221;]<\/p>\n<p><span color=\"#ffffff\" style=\"color: #ffffff;\"><span style=\"font-size: 32px;\"><strong style=\"color: #ffffff; font-size: xx-large;\">Rekrytointi<\/strong><\/span><\/span><\/p>\n<p><a href=\"mailto:supervisor@comadev.com\">rekrytointi@comadev.com<\/a><\/p>\n<p>&nbsp;<\/p>\n<p>[\/et_pb_text][\/et_pb_column][et_pb_column type=&#8221;1_2&#8243; _builder_version=&#8221;4.16&#8243; _module_preset=&#8221;default&#8221; global_colors_info=&#8221;{}&#8221;][et_pb_text _builder_version=&#8221;4.27.5&#8243; _module_preset=&#8221;default&#8221; text_font=&#8221;Teko||||||||&#8221; text_text_color=&#8221;#000000&#8243; text_font_size=&#8221;24px&#8221; text_line_height=&#8221;1em&#8221; background_color=&#8221;#000000&#8243; custom_margin=&#8221;20px||0px||false|false&#8221; custom_padding=&#8221;10px||0px|10px|false|false&#8221; border_radii=&#8221;on|8px|8px|8px|8px&#8221; border_width_all=&#8221;2px&#8221; border_color_all=&#8221;#FFD300&#8243; global_colors_info=&#8221;{}&#8221;]<\/p>\n<p><span color=\"#ffffff\" style=\"color: #ffffff;\"><span style=\"font-size: 32px;\"><strong style=\"color: #ffffff; font-size: xx-large;\">Mikael M\u00e4ntynen<\/strong><\/span><\/span><\/p>\n<p><span style=\"color: #ffd300;\">HALLINTOJOHTAJA<\/span><\/p>\n<p><span style=\"text-decoration: underline; color: #ffd300;\"><a href=\"tel:+358407362893\" style=\"color: #ffd300; text-decoration: underline;\">+358 40 736 2893<\/a><\/span><\/p>\n<p><a href=\"mailto:eetu.pussinen@comadev.com\">mikael.mantynen@comadev.com<\/a><\/p>\n<p>&nbsp;<\/p>\n<p>[\/et_pb_text][et_pb_text _builder_version=&#8221;4.27.5&#8243; _module_preset=&#8221;default&#8221; text_font=&#8221;Teko||||||||&#8221; text_text_color=&#8221;#000000&#8243; text_font_size=&#8221;24px&#8221; text_line_height=&#8221;1em&#8221; background_color=&#8221;#000000&#8243; custom_margin=&#8221;20px||0px||false|false&#8221; custom_padding=&#8221;10px||0px|10px|false|false&#8221; border_radii=&#8221;on|8px|8px|8px|8px&#8221; border_width_all=&#8221;2px&#8221; border_color_all=&#8221;#FFD300&#8243; global_colors_info=&#8221;{}&#8221;]<\/p>\n<p><span color=\"#ffffff\" style=\"color: #ffffff;\"><span style=\"font-size: 32px;\"><strong style=\"color: #ffffff; font-size: xx-large;\">Esko Pukema<\/strong><\/span><\/span><\/p>\n<p><span style=\"color: #ffd300;\">TEKNINEN JOHTAJA<\/span><\/p>\n<p><span style=\"text-decoration: underline; color: #ffd300;\"><a href=\"tel:+358401635173\" style=\"color: #ffd300; text-decoration: underline;\">+358 40 0772459<\/a><\/span><\/p>\n<p><a href=\"mailto:supervisor@comadev.com\">esko.pukema@comadev.com<\/a><\/p>\n<p>&nbsp;<\/p>\n<p>[\/et_pb_text][\/et_pb_column][\/et_pb_row][et_pb_row _builder_version=&#8221;4.27.5&#8243; _module_preset=&#8221;default&#8221; global_colors_info=&#8221;{}&#8221;][et_pb_column type=&#8221;4_4&#8243; _builder_version=&#8221;4.27.5&#8243; _module_preset=&#8221;default&#8221; global_colors_info=&#8221;{}&#8221;][et_pb_text _builder_version=&#8221;4.27.5&#8243; _module_preset=&#8221;default&#8221; global_colors_info=&#8221;{}&#8221;]<\/p>\n<h2><span style=\"color: #ffffff;\"><strong><u>Comadev Etel\u00e4-Afrikka<\/u><\/strong><\/span><\/h2>\n<p>[\/et_pb_text][\/et_pb_column][\/et_pb_row][et_pb_row column_structure=&#8221;1_2,1_2&#8243; _builder_version=&#8221;4.27.5&#8243; _module_preset=&#8221;default&#8221; global_colors_info=&#8221;{}&#8221;][et_pb_column type=&#8221;1_2&#8243; _builder_version=&#8221;4.16&#8243; _module_preset=&#8221;default&#8221; global_colors_info=&#8221;{}&#8221;][et_pb_text _builder_version=&#8221;4.27.5&#8243; _module_preset=&#8221;default&#8221; text_font=&#8221;Teko||||||||&#8221; text_text_color=&#8221;#000000&#8243; text_font_size=&#8221;24px&#8221; text_line_height=&#8221;1em&#8221; background_color=&#8221;#000000&#8243; custom_margin=&#8221;20px||0px||false|false&#8221; custom_padding=&#8221;10px||0px|10px|false|false&#8221; border_radii=&#8221;on|7px|7px|7px|7px&#8221; border_width_all=&#8221;2px&#8221; border_color_all=&#8221;#FFD300&#8243; global_colors_info=&#8221;{}&#8221;]<\/p>\n<p><strong style=\"color: #ffffff; font-size: xx-large;\">Bruce Olivier<\/strong><\/p>\n<p><span style=\"color: #ffd300;\">TOIMITUSJOHTAJA, BOTSWANAN JA SAMBIAN LIIKETOIMINTA<\/span><\/p>\n<p><span style=\"color: #ffd300;\"><span style=\"text-decoration: underline; color: #ffd300;\"><a href=\"tel:+447909153663\" style=\"color: #ffd300; text-decoration: underline;\">+44 7909 153665<\/a><\/span><\/span><\/p>\n<p><a href=\"mailto:jari.mulari@comadev.com\">bruce.olivier@comadev.com<\/a><\/p>\n<p>&nbsp;<\/p>\n<p>[\/et_pb_text][et_pb_text _builder_version=&#8221;4.27.5&#8243; _module_preset=&#8221;default&#8221; text_font=&#8221;Teko||||||||&#8221; text_text_color=&#8221;#000000&#8243; text_font_size=&#8221;24px&#8221; text_line_height=&#8221;1em&#8221; background_color=&#8221;#000000&#8243; custom_margin=&#8221;20px||0px||false|false&#8221; custom_padding=&#8221;10px||0px|10px|false|false&#8221; border_radii=&#8221;on|7px|7px|7px|7px&#8221; border_width_all=&#8221;2px&#8221; border_color_all=&#8221;#FFD300&#8243; global_colors_info=&#8221;{}&#8221;]<\/p>\n<p><span color=\"#ffffff\" style=\"color: #ffffff;\"><span style=\"font-size: 32px;\"><strong style=\"color: #ffffff; font-size: xx-large;\">Jarkko Tiittala<\/strong><\/span><\/span><\/p>\n<p><span style=\"color: #ffd300;\">MAAJOHTAJA, BOTSWANA<\/span><\/p>\n<p><span style=\"text-decoration: underline; color: #ffd300;\"><a href=\"tel:+358405861419\" style=\"color: #ffd300; text-decoration: underline;\">+358 40 586 1419<\/a><\/span><\/p>\n<p><a href=\"mailto:eetu.pussinen@comadev.com\">jarkko.tiittala@comadev.com<\/a><\/p>\n<p>&nbsp;<\/p>\n<p>[\/et_pb_text][\/et_pb_column][et_pb_column type=&#8221;1_2&#8243; _builder_version=&#8221;4.16&#8243; _module_preset=&#8221;default&#8221; global_colors_info=&#8221;{}&#8221;][et_pb_text _builder_version=&#8221;4.27.5&#8243; _module_preset=&#8221;default&#8221; text_font=&#8221;Teko||||||||&#8221; text_text_color=&#8221;#000000&#8243; text_font_size=&#8221;24px&#8221; text_line_height=&#8221;1em&#8221; background_color=&#8221;#000000&#8243; custom_margin=&#8221;20px||0px||false|false&#8221; custom_padding=&#8221;10px||0px|10px|false|false&#8221; border_radii=&#8221;on|7px|7px|7px|7px&#8221; border_width_all=&#8221;2px&#8221; border_color_all=&#8221;#FFD300&#8243; global_colors_info=&#8221;{}&#8221;]<\/p>\n<p><span color=\"#ffffff\" style=\"color: #ffffff;\"><span style=\"font-size: 32px;\"><strong style=\"color: #ffffff; font-size: xx-large;\">David Olyott<\/strong><\/span><\/span><\/p>\n<p><span style=\"color: #ffd300;\">OPERATIIVINEN P\u00c4\u00c4LLIKK\u00d6, BOTSWANA<\/span><\/p>\n<p><span style=\"text-decoration: underline; color: #ffd300;\"><a href=\"tel:+358407362893\" style=\"color: #ffd300; text-decoration: underline;\">+358 40 736 2893<\/a><\/span><\/p>\n<p><a href=\"mailto:eetu.pussinen@comadev.com\">david.olyott@comadev.com<\/a><a href=\"mailto:hallinto@comadev.com\"><\/a><\/p>\n<p>&nbsp;<\/p>\n<p>[\/et_pb_text][\/et_pb_column][\/et_pb_row][\/et_pb_section]<\/p>\n","protected":false},"excerpt":{"rendered":"<p>Ota yhteytt\u00e4,niin laitetaan asiat eteenp\u00e4in.YhteystiedotComadev konserniEetu Pussinen TOIMITUSJOHTAJA, MYYNTIJOHTAJA+358 40 773 5064 eetu.pussinen@comadev.com &nbsp;Comadev SkandinaviaJari Mulari OPERATIIVINEN JOHTAJA +358 40 739 7038 jari.mulari@comadev.com &nbsp;Reskontra +358 40 181 2011 hallinto@comadev.com &nbsp;Rekrytointi rekrytointi@comadev.com &nbsp;Mikael M\u00e4ntynen HALLINTOJOHTAJA +358 40 736 2893 mikael.mantynen@comadev.com &nbsp;Esko Pukema TEKNINEN JOHTAJA +358 40 0772459 esko.pukema@comadev.com &nbsp;Comadev Etel\u00e4-AfrikkaBruce Olivier TOIMITUSJOHTAJA, BOTSWANAN JA SAMBIAN LIIKETOIMINTA [&hellip;]<\/p>\n","protected":false},"author":2,"featured_media":0,"parent":0,"menu_order":0,"comment_status":"closed","ping_status":"closed","template":"","meta":{"_acf_changed":false,"_et_pb_use_builder":"on","_et_pb_old_content":"","_et_gb_content_width":"","footnotes":""},"class_list":["post-93","page","type-page","status-publish","hentry"],"acf":[],"yoast_head":"<!-- This site is optimized with the Yoast SEO plugin v27.4 - https:\/\/yoast.com\/product\/yoast-seo-wordpress\/ -->\n<title>Yhteystiedot - Comadev<\/title>\n<meta name=\"robots\" content=\"index, follow, max-snippet:-1, max-image-preview:large, max-video-preview:-1\" \/>\n<link rel=\"canonical\" href=\"https:\/\/comadev.com\/en\/yhteystiedot\/\" \/>\n<meta property=\"og:locale\" content=\"en_US\" \/>\n<meta property=\"og:type\" content=\"article\" \/>\n<meta property=\"og:title\" content=\"Yhteystiedot - Comadev\" \/>\n<meta property=\"og:description\" content=\"Ota yhteytt\u00e4,niin laitetaan asiat eteenp\u00e4in.YhteystiedotComadev konserniEetu Pussinen TOIMITUSJOHTAJA, MYYNTIJOHTAJA+358 40 773 5064 eetu.pussinen@comadev.com &nbsp;Comadev SkandinaviaJari Mulari OPERATIIVINEN JOHTAJA +358 40 739 7038 jari.mulari@comadev.com &nbsp;Reskontra +358 40 181 2011 hallinto@comadev.com &nbsp;Rekrytointi rekrytointi@comadev.com &nbsp;Mikael M\u00e4ntynen HALLINTOJOHTAJA +358 40 736 2893 mikael.mantynen@comadev.com &nbsp;Esko Pukema TEKNINEN JOHTAJA +358 40 0772459 esko.pukema@comadev.com &nbsp;Comadev Etel\u00e4-AfrikkaBruce Olivier TOIMITUSJOHTAJA, BOTSWANAN JA SAMBIAN LIIKETOIMINTA [&hellip;]\" \/>\n<meta property=\"og:url\" content=\"https:\/\/comadev.com\/en\/yhteystiedot\/\" \/>\n<meta property=\"og:site_name\" content=\"Comadev\" \/>\n<meta property=\"article:modified_time\" content=\"2026-02-09T14:10:28+00:00\" \/>\n<meta name=\"twitter:card\" content=\"summary_large_image\" \/>\n<meta name=\"twitter:label1\" content=\"Est. reading time\" \/>\n\t<meta name=\"twitter:data1\" content=\"6 minutes\" \/>\n<script type=\"application\/ld+json\" class=\"yoast-schema-graph\">{\"@context\":\"https:\\\/\\\/schema.org\",\"@graph\":[{\"@type\":\"WebPage\",\"@id\":\"https:\\\/\\\/comadev.com\\\/yhteystiedot\\\/\",\"url\":\"https:\\\/\\\/comadev.com\\\/yhteystiedot\\\/\",\"name\":\"Yhteystiedot - Comadev\",\"isPartOf\":{\"@id\":\"https:\\\/\\\/comadev.com\\\/#website\"},\"datePublished\":\"2022-03-01T12:38:45+00:00\",\"dateModified\":\"2026-02-09T14:10:28+00:00\",\"breadcrumb\":{\"@id\":\"https:\\\/\\\/comadev.com\\\/yhteystiedot\\\/#breadcrumb\"},\"inLanguage\":\"en-US\",\"potentialAction\":[{\"@type\":\"ReadAction\",\"target\":[\"https:\\\/\\\/comadev.com\\\/yhteystiedot\\\/\"]}]},{\"@type\":\"BreadcrumbList\",\"@id\":\"https:\\\/\\\/comadev.com\\\/yhteystiedot\\\/#breadcrumb\",\"itemListElement\":[{\"@type\":\"ListItem\",\"position\":1,\"name\":\"Etusivu\",\"item\":\"https:\\\/\\\/comadev.com\\\/\"},{\"@type\":\"ListItem\",\"position\":2,\"name\":\"Yhteystiedot\"}]},{\"@type\":\"WebSite\",\"@id\":\"https:\\\/\\\/comadev.com\\\/#website\",\"url\":\"https:\\\/\\\/comadev.com\\\/\",\"name\":\"Comadev\",\"description\":\"Core drilling and sampling\",\"publisher\":{\"@id\":\"https:\\\/\\\/comadev.com\\\/#organization\"},\"potentialAction\":[{\"@type\":\"SearchAction\",\"target\":{\"@type\":\"EntryPoint\",\"urlTemplate\":\"https:\\\/\\\/comadev.com\\\/?s={search_term_string}\"},\"query-input\":{\"@type\":\"PropertyValueSpecification\",\"valueRequired\":true,\"valueName\":\"search_term_string\"}}],\"inLanguage\":\"en-US\"},{\"@type\":\"Organization\",\"@id\":\"https:\\\/\\\/comadev.com\\\/#organization\",\"name\":\"Comadev\",\"url\":\"https:\\\/\\\/comadev.com\\\/\",\"logo\":{\"@type\":\"ImageObject\",\"inLanguage\":\"en-US\",\"@id\":\"https:\\\/\\\/comadev.com\\\/#\\\/schema\\\/logo\\\/image\\\/\",\"url\":\"https:\\\/\\\/comadev.com\\\/wp-content\\\/uploads\\\/2022\\\/03\\\/Comadev-logo.jpg\",\"contentUrl\":\"https:\\\/\\\/comadev.com\\\/wp-content\\\/uploads\\\/2022\\\/03\\\/Comadev-logo.jpg\",\"width\":2130,\"height\":492,\"caption\":\"Comadev\"},\"image\":{\"@id\":\"https:\\\/\\\/comadev.com\\\/#\\\/schema\\\/logo\\\/image\\\/\"}}]}<\/script>\n<!-- \/ Yoast SEO plugin. -->","yoast_head_json":{"title":"Yhteystiedot - Comadev","robots":{"index":"index","follow":"follow","max-snippet":"max-snippet:-1","max-image-preview":"max-image-preview:large","max-video-preview":"max-video-preview:-1"},"canonical":"https:\/\/comadev.com\/en\/yhteystiedot\/","og_locale":"en_US","og_type":"article","og_title":"Yhteystiedot - Comadev","og_description":"Ota yhteytt\u00e4,niin laitetaan asiat eteenp\u00e4in.YhteystiedotComadev konserniEetu Pussinen TOIMITUSJOHTAJA, MYYNTIJOHTAJA+358 40 773 5064 eetu.pussinen@comadev.com &nbsp;Comadev SkandinaviaJari Mulari OPERATIIVINEN JOHTAJA +358 40 739 7038 jari.mulari@comadev.com &nbsp;Reskontra +358 40 181 2011 hallinto@comadev.com &nbsp;Rekrytointi rekrytointi@comadev.com &nbsp;Mikael M\u00e4ntynen HALLINTOJOHTAJA +358 40 736 2893 mikael.mantynen@comadev.com &nbsp;Esko Pukema TEKNINEN JOHTAJA +358 40 0772459 esko.pukema@comadev.com &nbsp;Comadev Etel\u00e4-AfrikkaBruce Olivier TOIMITUSJOHTAJA, BOTSWANAN JA SAMBIAN LIIKETOIMINTA [&hellip;]","og_url":"https:\/\/comadev.com\/en\/yhteystiedot\/","og_site_name":"Comadev","article_modified_time":"2026-02-09T14:10:28+00:00","twitter_card":"summary_large_image","twitter_misc":{"Est. reading time":"6 minutes"},"schema":{"@context":"https:\/\/schema.org","@graph":[{"@type":"WebPage","@id":"https:\/\/comadev.com\/yhteystiedot\/","url":"https:\/\/comadev.com\/yhteystiedot\/","name":"Yhteystiedot - Comadev","isPartOf":{"@id":"https:\/\/comadev.com\/#website"},"datePublished":"2022-03-01T12:38:45+00:00","dateModified":"2026-02-09T14:10:28+00:00","breadcrumb":{"@id":"https:\/\/comadev.com\/yhteystiedot\/#breadcrumb"},"inLanguage":"en-US","potentialAction":[{"@type":"ReadAction","target":["https:\/\/comadev.com\/yhteystiedot\/"]}]},{"@type":"BreadcrumbList","@id":"https:\/\/comadev.com\/yhteystiedot\/#breadcrumb","itemListElement":[{"@type":"ListItem","position":1,"name":"Etusivu","item":"https:\/\/comadev.com\/"},{"@type":"ListItem","position":2,"name":"Yhteystiedot"}]},{"@type":"WebSite","@id":"https:\/\/comadev.com\/#website","url":"https:\/\/comadev.com\/","name":"Comadev","description":"Core drilling and sampling","publisher":{"@id":"https:\/\/comadev.com\/#organization"},"potentialAction":[{"@type":"SearchAction","target":{"@type":"EntryPoint","urlTemplate":"https:\/\/comadev.com\/?s={search_term_string}"},"query-input":{"@type":"PropertyValueSpecification","valueRequired":true,"valueName":"search_term_string"}}],"inLanguage":"en-US"},{"@type":"Organization","@id":"https:\/\/comadev.com\/#organization","name":"Comadev","url":"https:\/\/comadev.com\/","logo":{"@type":"ImageObject","inLanguage":"en-US","@id":"https:\/\/comadev.com\/#\/schema\/logo\/image\/","url":"https:\/\/comadev.com\/wp-content\/uploads\/2022\/03\/Comadev-logo.jpg","contentUrl":"https:\/\/comadev.com\/wp-content\/uploads\/2022\/03\/Comadev-logo.jpg","width":2130,"height":492,"caption":"Comadev"},"image":{"@id":"https:\/\/comadev.com\/#\/schema\/logo\/image\/"}}]}},"_links":{"self":[{"href":"https:\/\/comadev.com\/en\/wp-json\/wp\/v2\/pages\/93","targetHints":{"allow":["GET"]}}],"collection":[{"href":"https:\/\/comadev.com\/en\/wp-json\/wp\/v2\/pages"}],"about":[{"href":"https:\/\/comadev.com\/en\/wp-json\/wp\/v2\/types\/page"}],"author":[{"embeddable":true,"href":"https:\/\/comadev.com\/en\/wp-json\/wp\/v2\/users\/2"}],"replies":[{"embeddable":true,"href":"https:\/\/comadev.com\/en\/wp-json\/wp\/v2\/comments?post=93"}],"version-history":[{"count":18,"href":"https:\/\/comadev.com\/en\/wp-json\/wp\/v2\/pages\/93\/revisions"}],"predecessor-version":[{"id":631,"href":"https:\/\/comadev.com\/en\/wp-json\/wp\/v2\/pages\/93\/revisions\/631"}],"wp:attachment":[{"href":"https:\/\/comadev.com\/en\/wp-json\/wp\/v2\/media?parent=93"}],"curies":[{"name":"wp","href":"https:\/\/api.w.org\/{rel}","templated":true}]}}