{"id":97,"date":"2022-03-01T12:40:45","date_gmt":"2022-03-01T12:40:45","guid":{"rendered":"https:\/\/www.timotapaninen.fi\/comadev\/?page_id=97"},"modified":"2025-11-11T08:50:32","modified_gmt":"2025-11-11T08:50:32","slug":"rekry","status":"publish","type":"page","link":"https:\/\/comadev.com\/en\/rekry\/","title":{"rendered":"Recruitment"},"content":{"rendered":"<p>[et_pb_section fb_built=&#8221;1&#8243; custom_padding_last_edited=&#8221;on|desktop&#8221; _builder_version=&#8221;4.17.3&#8243; background_enable_color=&#8221;off&#8221; background_image=&#8221;https:\/\/comadev.com\/wp-content\/uploads\/2022\/03\/comadev-rekrytointi.jpg&#8221; parallax=&#8221;on&#8221; custom_margin=&#8221;||||false|false&#8221; custom_margin_tablet=&#8221;&#8221; custom_margin_phone=&#8221;&#8221; custom_margin_last_edited=&#8221;on|desktop&#8221; custom_padding=&#8221;230px|0px|230px|0px|true|false&#8221; custom_padding_tablet=&#8221;&#8221; custom_padding_phone=&#8221;80px||80px||true&#8221; global_colors_info=&#8221;{}&#8221;][et_pb_row use_custom_gutter=&#8221;on&#8221; gutter_width=&#8221;2&#8243; make_equal=&#8221;on&#8221; _builder_version=&#8221;4.16&#8243; width=&#8221;98%&#8221; width_tablet=&#8221;90%&#8221; width_phone=&#8221;90%&#8221; width_last_edited=&#8221;on|phone&#8221; max_width=&#8221;1170px&#8221; max_width_tablet=&#8221;90%&#8221; max_width_phone=&#8221;90%&#8221; max_width_last_edited=&#8221;on|tablet&#8221; custom_padding=&#8221;||0px|||&#8221; global_colors_info=&#8221;{}&#8221;][et_pb_column type=&#8221;4_4&#8243; _builder_version=&#8221;4.16&#8243; custom_padding=&#8221;|||&#8221; global_colors_info=&#8221;{}&#8221; custom_padding__hover=&#8221;|||&#8221;][et_pb_text _builder_version=&#8221;4.16&#8243; header_font=&#8221;Teko|300|||||||&#8221; header_text_color=&#8221;#ffd300&#8243; header_font_size=&#8221;25px&#8221; header_letter_spacing=&#8221;5px&#8221; header_line_height=&#8221;1.2em&#8221; custom_margin=&#8221;||-1px|||&#8221; custom_padding=&#8221;|||3px&#8221; animation_direction=&#8221;left&#8221; global_colors_info=&#8221;{}&#8221;]<\/p>\n<h1><span>Ty\u00f6nhakijoille<\/span><\/h1>\n<p>[\/et_pb_text][et_pb_text _builder_version=&#8221;4.17.3&#8243; header_font=&#8221;Teko|700|||||||&#8221; header_text_color=&#8221;#ffd300&#8243; header_font_size=&#8221;70px&#8221; header_line_height=&#8221;1.3em&#8221; custom_margin=&#8221;-6px||0px||false|false&#8221; custom_padding=&#8221;0px||10px||false|false&#8221; animation_direction=&#8221;right&#8221; header_font_size_tablet=&#8221;&#8221; header_font_size_phone=&#8221;50px&#8221; header_font_size_last_edited=&#8221;on|desktop&#8221; global_colors_info=&#8221;{}&#8221;]<\/p>\n<h1>Kairaust\u00f6it\u00e4<br \/><span style=\"color: #ffffff;\">soilla, kairassa ja tunnelissa.<\/span><\/h1>\n<p>[\/et_pb_text][\/et_pb_column][\/et_pb_row][\/et_pb_section][et_pb_section fb_built=&#8221;1&#8243; disabled_on=&#8221;off|off|off&#8221; _builder_version=&#8221;4.16&#8243; custom_padding=&#8221;80px||80px||true|&#8221; global_colors_info=&#8221;{}&#8221;][et_pb_row column_structure=&#8221;1_2,1_2&#8243; use_custom_gutter=&#8221;on&#8221; gutter_width=&#8221;2&#8243; make_equal=&#8221;on&#8221; _builder_version=&#8221;4.16&#8243; width=&#8221;98%&#8221; width_tablet=&#8221;90%&#8221; width_phone=&#8221;90%&#8221; width_last_edited=&#8221;on|phone&#8221; max_width=&#8221;1170px&#8221; max_width_tablet=&#8221;90%&#8221; max_width_phone=&#8221;90%&#8221; max_width_last_edited=&#8221;on|tablet&#8221; custom_padding=&#8221;||0px|||&#8221; global_colors_info=&#8221;{}&#8221;][et_pb_column type=&#8221;1_2&#8243; _builder_version=&#8221;4.16&#8243; custom_padding=&#8221;|||&#8221; global_colors_info=&#8221;{}&#8221; custom_padding__hover=&#8221;|||&#8221;][et_pb_text _builder_version=&#8221;4.16&#8243; header_font=&#8221;Teko|300|||||||&#8221; header_text_color=&#8221;#ffd300&#8243; header_font_size=&#8221;53px&#8221; header_line_height=&#8221;1.1em&#8221; header_3_font=&#8221;Teko||||||||&#8221; header_3_text_color=&#8221;#000000&#8243; header_3_font_size=&#8221;18px&#8221; header_3_letter_spacing=&#8221;3px&#8221; header_3_line_height=&#8221;1.1em&#8221; max_width=&#8221;532px&#8221; custom_margin=&#8221;||&#8221; global_colors_info=&#8221;{}&#8221;]<\/p>\n<h3>Soilla, j\u00e4ngill\u00e4 ja kalliossa<\/h3>\n<p>[\/et_pb_text][et_pb_text _builder_version=&#8221;4.16&#8243; header_font=&#8221;Teko|300|||||||&#8221; header_text_color=&#8221;#071323&#8243; header_font_size=&#8221;53px&#8221; header_line_height=&#8221;1.1em&#8221; max_width=&#8221;532px&#8221; custom_margin=&#8221;-13px||&#8221; header_font_size_tablet=&#8221;&#8221; header_font_size_phone=&#8221;40px&#8221; header_font_size_last_edited=&#8221;on|desktop&#8221; global_colors_info=&#8221;{}&#8221;]<\/p>\n<h1>Mahdollisuuksia, luonnon<strong>\u00a0<span color=\"#ffd300\" style=\"color: #ffd300;\">keskell\u00e4<\/span><\/strong><\/h1>\n<p>[\/et_pb_text][\/et_pb_column][et_pb_column type=&#8221;1_2&#8243; _builder_version=&#8221;4.16&#8243; custom_padding=&#8221;|||&#8221; global_colors_info=&#8221;{}&#8221; custom_padding__hover=&#8221;|||&#8221;][et_pb_text _builder_version=&#8221;4.17.4&#8243; text_font=&#8221;Rajdhani||||||||&#8221; text_text_color=&#8221;#525558&#8243; custom_margin=&#8221;34px|||-70px&#8221; custom_margin_tablet=&#8221;-19px||36px|0px&#8221; custom_margin_phone=&#8221;-10px||0px|0px|false|false&#8221; custom_margin_last_edited=&#8221;on|desktop&#8221; global_colors_info=&#8221;{}&#8221;]<\/p>\n<p><span>Comadev syntyi ajatuksesta, ett\u00e4 onnistuneet kairaukset perustuvat tyytyv\u00e4isiin ty\u00f6ntekij\u00f6ihin. Olemme kasvaneet vuosien varrella yh\u00e4 isommaksi toimijaksi\u00a0 ja olleet mukana useilla ty\u00f6mailla ymp\u00e4ri Suomea. Meid\u00e4n uskomuksemme on, ett\u00e4 kairausyksik\u00f6n t\u00e4rkein osa on ihminen koneen ohjaamossa.<\/span><\/p>\n<p>[\/et_pb_text][\/et_pb_column][\/et_pb_row][\/et_pb_section][et_pb_section fb_built=&#8221;1&#8243; disabled_on=&#8221;off|off|off&#8221; _builder_version=&#8221;4.16&#8243; background_color=&#8221;#09162A&#8221; custom_padding=&#8221;28px||28px||true|&#8221; global_colors_info=&#8221;{}&#8221;][et_pb_row use_custom_gutter=&#8221;on&#8221; gutter_width=&#8221;2&#8243; make_equal=&#8221;on&#8221; _builder_version=&#8221;4.16&#8243; width=&#8221;98%&#8221; width_tablet=&#8221;90%&#8221; width_phone=&#8221;90%&#8221; width_last_edited=&#8221;on|phone&#8221; max_width=&#8221;1170px&#8221; max_width_tablet=&#8221;90%&#8221; max_width_phone=&#8221;90%&#8221; max_width_last_edited=&#8221;on|tablet&#8221; custom_padding=&#8221;|||||&#8221; global_colors_info=&#8221;{}&#8221;][et_pb_column type=&#8221;4_4&#8243; _builder_version=&#8221;4.16&#8243; custom_padding=&#8221;|||&#8221; global_colors_info=&#8221;{}&#8221; custom_padding__hover=&#8221;|||&#8221;][et_pb_image src=&#8221;https:\/\/comadev.com\/wp-content\/uploads\/2022\/03\/comadev-jacket-new.png&#8221; alt=&#8221;Comadev recruitment brand&#8221; title_text=&#8221;comadev-jacket-new&#8221; align=&#8221;center&#8221; _builder_version=&#8221;4.16&#8243; _module_preset=&#8221;default&#8221; custom_margin=&#8221;27px|||||&#8221; global_colors_info=&#8221;{}&#8221;][\/et_pb_image][et_pb_text _builder_version=&#8221;4.16&#8243; header_font=&#8221;Teko|300|||||||&#8221; header_text_align=&#8221;center&#8221; header_text_color=&#8221;#071323&#8243; header_font_size=&#8221;53px&#8221; header_line_height=&#8221;1.1em&#8221; module_alignment=&#8221;center&#8221; custom_margin=&#8221;85px||-5px||false|false&#8221; header_font_size_tablet=&#8221;&#8221; header_font_size_phone=&#8221;40px&#8221; header_font_size_last_edited=&#8221;on|desktop&#8221; global_colors_info=&#8221;{}&#8221;]<\/p>\n<h1 style=\"text-align: center;\"><strong style=\"color: #ffd300;\">Syv\u00e4kairaajaksi<\/strong><\/h1>\n<p>[\/et_pb_text][et_pb_text _builder_version=&#8221;4.27.4&#8243; text_font=&#8221;Rajdhani|600|||||||&#8221; text_text_color=&#8221;#FFFFFF&#8221; text_font_size=&#8221;18px&#8221; text_line_height=&#8221;1.4em&#8221; width=&#8221;51%&#8221; width_tablet=&#8221;&#8221; width_phone=&#8221;95%&#8221; width_last_edited=&#8221;on|phone&#8221; module_alignment=&#8221;center&#8221; custom_margin=&#8221;-2px|||-70px||&#8221; custom_margin_tablet=&#8221;-19px||36px|0px&#8221; custom_margin_phone=&#8221;-10px||0px|0px|false|false&#8221; custom_margin_last_edited=&#8221;on|desktop&#8221; hover_enabled=&#8221;0&#8243; global_colors_info=&#8221;{}&#8221; sticky_enabled=&#8221;0&#8243;]<span style=\"font-size: 18px;\">Me teemme kaikenlaisia timanttikairaukseen liittyvi\u00e4 t\u00f6it\u00e4, ja suurin osa ty\u00f6teht\u00e4vist\u00e4 liittyy kairauskoneiden k\u00e4ytt\u00f6\u00f6n sek\u00e4 yll\u00e4pitoon.<br \/>\nEtsimme meille jatkuvasti kokeneita osaajia eri ty\u00f6maille.<br \/>\n<\/span><span style=\"font-size: 18px;\">Asiakkana meill\u00e4 on useat eri kaivosalan toimijat, joille tuotamme kairasyd\u00e4nn\u00e4ytteit\u00e4 eri puolilta Suomea.<br \/>\nT\u00e4m\u00e4 ty\u00f6teht\u00e4v\u00e4 vaatii tekij\u00f6ilt\u00e4\u00e4n kyky\u00e4 siirty\u00e4 ty\u00f6maiden mukaan.\u00a0\u00a0<\/span><\/p>\n<p><span style=\"font-size: 18px; color: #ffd300;\"><strong>Miksi Comadev?<\/strong><\/span><\/p>\n<p>Meill\u00e4 viihtyv\u00e4t erinomaisesti henkil\u00f6t, jotka ovat valmiita tekem\u00e4\u00e4n t\u00f6it\u00e4 haastavissa olosuhteissa, oppimaan uutta ja arvostavat asioiden vaivattomuutta ja tehokkuutta. Aikaisempi ty\u00f6kokemus alalta ei ole v\u00e4ltt\u00e4m\u00e4t\u00f6n, tekev\u00e4ll\u00e4 asenteella p\u00e4rj\u00e4\u00e4. Meill\u00e4 ty\u00f6ntekij\u00f6it\u00e4 kunnioitetaan ja asioihin pystyy my\u00f6s itse vaikuttamaan. Ty\u00f6ntekij\u00f6ill\u00e4mme on k\u00e4yt\u00f6ss\u00e4\u00e4n hyv\u00e4t ja modernit v\u00e4lineet, joilla ty\u00f6nteko on mielek\u00e4st\u00e4.<span style=\"font-size: 18px;\"><\/span><\/p>\n<p><span style=\"color: #ffd300;\"><strong>Kiinnostuitko?<\/strong><\/span><\/p>\n<p>Mik\u00e4li t\u00e4m\u00e4 sai mielenkiintosi her\u00e4\u00e4m\u00e4\u00e4n, laita s\u00e4hk\u00f6postia <span style=\"color: #ffd300;\"><span style=\"color: #ffffff;\"><span style=\"color: #ffd300;\"><a href=\"mailto:rekrytointi@comadev.com\" style=\"color: #ffd300;\">rekrytointi@comadev.com.<\/a><\/span><span style=\"color: #ffd300;\"><\/span><\/span><\/span><\/p>\n<p><span style=\"font-size: 18px;\"><\/span>[\/et_pb_text][\/et_pb_column][\/et_pb_row][\/et_pb_section]<\/p>\n","protected":false},"excerpt":{"rendered":"<p>Ty\u00f6nhakijoilleKairaust\u00f6it\u00e4soilla, kairassa ja tunnelissa.Soilla, j\u00e4ngill\u00e4 ja kalliossaMahdollisuuksia, luonnon\u00a0keskell\u00e4Comadev syntyi ajatuksesta, ett\u00e4 onnistuneet kairaukset perustuvat tyytyv\u00e4isiin ty\u00f6ntekij\u00f6ihin. Olemme kasvaneet vuosien varrella yh\u00e4 isommaksi toimijaksi\u00a0 ja olleet mukana useilla ty\u00f6mailla ymp\u00e4ri Suomea. Meid\u00e4n uskomuksemme on, ett\u00e4 kairausyksik\u00f6n t\u00e4rkein osa on ihminen koneen ohjaamossa.Syv\u00e4kairaajaksiMe teemme kaikenlaisia timanttikairaukseen liittyvi\u00e4 t\u00f6it\u00e4, ja suurin osa ty\u00f6teht\u00e4vist\u00e4 liittyy kairauskoneiden k\u00e4ytt\u00f6\u00f6n sek\u00e4 yll\u00e4pitoon. [&hellip;]<\/p>\n","protected":false},"author":2,"featured_media":0,"parent":0,"menu_order":0,"comment_status":"closed","ping_status":"closed","template":"","meta":{"_acf_changed":false,"_et_pb_use_builder":"on","_et_pb_old_content":"","_et_gb_content_width":"","footnotes":""},"class_list":["post-97","page","type-page","status-publish","hentry"],"acf":[],"yoast_head":"<!-- This site is optimized with the Yoast SEO plugin v27.4 - https:\/\/yoast.com\/product\/yoast-seo-wordpress\/ -->\n<title>Rekry - Comadev<\/title>\n<meta name=\"robots\" content=\"index, follow, max-snippet:-1, max-image-preview:large, max-video-preview:-1\" \/>\n<link rel=\"canonical\" href=\"https:\/\/comadev.com\/en\/rekry\/\" \/>\n<meta property=\"og:locale\" content=\"en_US\" \/>\n<meta property=\"og:type\" content=\"article\" \/>\n<meta property=\"og:title\" content=\"Rekry - Comadev\" \/>\n<meta property=\"og:description\" content=\"Ty\u00f6nhakijoilleKairaust\u00f6it\u00e4soilla, kairassa ja tunnelissa.Soilla, j\u00e4ngill\u00e4 ja kalliossaMahdollisuuksia, luonnon\u00a0keskell\u00e4Comadev syntyi ajatuksesta, ett\u00e4 onnistuneet kairaukset perustuvat tyytyv\u00e4isiin ty\u00f6ntekij\u00f6ihin. Olemme kasvaneet vuosien varrella yh\u00e4 isommaksi toimijaksi\u00a0 ja olleet mukana useilla ty\u00f6mailla ymp\u00e4ri Suomea. Meid\u00e4n uskomuksemme on, ett\u00e4 kairausyksik\u00f6n t\u00e4rkein osa on ihminen koneen ohjaamossa.Syv\u00e4kairaajaksiMe teemme kaikenlaisia timanttikairaukseen liittyvi\u00e4 t\u00f6it\u00e4, ja suurin osa ty\u00f6teht\u00e4vist\u00e4 liittyy kairauskoneiden k\u00e4ytt\u00f6\u00f6n sek\u00e4 yll\u00e4pitoon. [&hellip;]\" \/>\n<meta property=\"og:url\" content=\"https:\/\/comadev.com\/en\/rekry\/\" \/>\n<meta property=\"og:site_name\" content=\"Comadev\" \/>\n<meta property=\"article:modified_time\" content=\"2025-11-11T08:50:32+00:00\" \/>\n<meta name=\"twitter:card\" content=\"summary_large_image\" \/>\n<meta name=\"twitter:label1\" content=\"Est. reading time\" \/>\n\t<meta name=\"twitter:data1\" content=\"5 minutes\" \/>\n<script type=\"application\/ld+json\" class=\"yoast-schema-graph\">{\"@context\":\"https:\\\/\\\/schema.org\",\"@graph\":[{\"@type\":\"WebPage\",\"@id\":\"https:\\\/\\\/comadev.com\\\/rekry\\\/\",\"url\":\"https:\\\/\\\/comadev.com\\\/rekry\\\/\",\"name\":\"Rekry - Comadev\",\"isPartOf\":{\"@id\":\"https:\\\/\\\/comadev.com\\\/#website\"},\"datePublished\":\"2022-03-01T12:40:45+00:00\",\"dateModified\":\"2025-11-11T08:50:32+00:00\",\"breadcrumb\":{\"@id\":\"https:\\\/\\\/comadev.com\\\/rekry\\\/#breadcrumb\"},\"inLanguage\":\"en-US\",\"potentialAction\":[{\"@type\":\"ReadAction\",\"target\":[\"https:\\\/\\\/comadev.com\\\/rekry\\\/\"]}]},{\"@type\":\"BreadcrumbList\",\"@id\":\"https:\\\/\\\/comadev.com\\\/rekry\\\/#breadcrumb\",\"itemListElement\":[{\"@type\":\"ListItem\",\"position\":1,\"name\":\"Etusivu\",\"item\":\"https:\\\/\\\/comadev.com\\\/\"},{\"@type\":\"ListItem\",\"position\":2,\"name\":\"Rekry\"}]},{\"@type\":\"WebSite\",\"@id\":\"https:\\\/\\\/comadev.com\\\/#website\",\"url\":\"https:\\\/\\\/comadev.com\\\/\",\"name\":\"Comadev\",\"description\":\"Core drilling and sampling\",\"publisher\":{\"@id\":\"https:\\\/\\\/comadev.com\\\/#organization\"},\"potentialAction\":[{\"@type\":\"SearchAction\",\"target\":{\"@type\":\"EntryPoint\",\"urlTemplate\":\"https:\\\/\\\/comadev.com\\\/?s={search_term_string}\"},\"query-input\":{\"@type\":\"PropertyValueSpecification\",\"valueRequired\":true,\"valueName\":\"search_term_string\"}}],\"inLanguage\":\"en-US\"},{\"@type\":\"Organization\",\"@id\":\"https:\\\/\\\/comadev.com\\\/#organization\",\"name\":\"Comadev\",\"url\":\"https:\\\/\\\/comadev.com\\\/\",\"logo\":{\"@type\":\"ImageObject\",\"inLanguage\":\"en-US\",\"@id\":\"https:\\\/\\\/comadev.com\\\/#\\\/schema\\\/logo\\\/image\\\/\",\"url\":\"https:\\\/\\\/comadev.com\\\/wp-content\\\/uploads\\\/2022\\\/03\\\/Comadev-logo.jpg\",\"contentUrl\":\"https:\\\/\\\/comadev.com\\\/wp-content\\\/uploads\\\/2022\\\/03\\\/Comadev-logo.jpg\",\"width\":2130,\"height\":492,\"caption\":\"Comadev\"},\"image\":{\"@id\":\"https:\\\/\\\/comadev.com\\\/#\\\/schema\\\/logo\\\/image\\\/\"}}]}<\/script>\n<!-- \/ Yoast SEO plugin. -->","yoast_head_json":{"title":"Rekry - Comadev","robots":{"index":"index","follow":"follow","max-snippet":"max-snippet:-1","max-image-preview":"max-image-preview:large","max-video-preview":"max-video-preview:-1"},"canonical":"https:\/\/comadev.com\/en\/rekry\/","og_locale":"en_US","og_type":"article","og_title":"Rekry - Comadev","og_description":"Ty\u00f6nhakijoilleKairaust\u00f6it\u00e4soilla, kairassa ja tunnelissa.Soilla, j\u00e4ngill\u00e4 ja kalliossaMahdollisuuksia, luonnon\u00a0keskell\u00e4Comadev syntyi ajatuksesta, ett\u00e4 onnistuneet kairaukset perustuvat tyytyv\u00e4isiin ty\u00f6ntekij\u00f6ihin. Olemme kasvaneet vuosien varrella yh\u00e4 isommaksi toimijaksi\u00a0 ja olleet mukana useilla ty\u00f6mailla ymp\u00e4ri Suomea. Meid\u00e4n uskomuksemme on, ett\u00e4 kairausyksik\u00f6n t\u00e4rkein osa on ihminen koneen ohjaamossa.Syv\u00e4kairaajaksiMe teemme kaikenlaisia timanttikairaukseen liittyvi\u00e4 t\u00f6it\u00e4, ja suurin osa ty\u00f6teht\u00e4vist\u00e4 liittyy kairauskoneiden k\u00e4ytt\u00f6\u00f6n sek\u00e4 yll\u00e4pitoon. [&hellip;]","og_url":"https:\/\/comadev.com\/en\/rekry\/","og_site_name":"Comadev","article_modified_time":"2025-11-11T08:50:32+00:00","twitter_card":"summary_large_image","twitter_misc":{"Est. reading time":"5 minutes"},"schema":{"@context":"https:\/\/schema.org","@graph":[{"@type":"WebPage","@id":"https:\/\/comadev.com\/rekry\/","url":"https:\/\/comadev.com\/rekry\/","name":"Rekry - Comadev","isPartOf":{"@id":"https:\/\/comadev.com\/#website"},"datePublished":"2022-03-01T12:40:45+00:00","dateModified":"2025-11-11T08:50:32+00:00","breadcrumb":{"@id":"https:\/\/comadev.com\/rekry\/#breadcrumb"},"inLanguage":"en-US","potentialAction":[{"@type":"ReadAction","target":["https:\/\/comadev.com\/rekry\/"]}]},{"@type":"BreadcrumbList","@id":"https:\/\/comadev.com\/rekry\/#breadcrumb","itemListElement":[{"@type":"ListItem","position":1,"name":"Etusivu","item":"https:\/\/comadev.com\/"},{"@type":"ListItem","position":2,"name":"Rekry"}]},{"@type":"WebSite","@id":"https:\/\/comadev.com\/#website","url":"https:\/\/comadev.com\/","name":"Comadev","description":"Core drilling and sampling","publisher":{"@id":"https:\/\/comadev.com\/#organization"},"potentialAction":[{"@type":"SearchAction","target":{"@type":"EntryPoint","urlTemplate":"https:\/\/comadev.com\/?s={search_term_string}"},"query-input":{"@type":"PropertyValueSpecification","valueRequired":true,"valueName":"search_term_string"}}],"inLanguage":"en-US"},{"@type":"Organization","@id":"https:\/\/comadev.com\/#organization","name":"Comadev","url":"https:\/\/comadev.com\/","logo":{"@type":"ImageObject","inLanguage":"en-US","@id":"https:\/\/comadev.com\/#\/schema\/logo\/image\/","url":"https:\/\/comadev.com\/wp-content\/uploads\/2022\/03\/Comadev-logo.jpg","contentUrl":"https:\/\/comadev.com\/wp-content\/uploads\/2022\/03\/Comadev-logo.jpg","width":2130,"height":492,"caption":"Comadev"},"image":{"@id":"https:\/\/comadev.com\/#\/schema\/logo\/image\/"}}]}},"_links":{"self":[{"href":"https:\/\/comadev.com\/en\/wp-json\/wp\/v2\/pages\/97","targetHints":{"allow":["GET"]}}],"collection":[{"href":"https:\/\/comadev.com\/en\/wp-json\/wp\/v2\/pages"}],"about":[{"href":"https:\/\/comadev.com\/en\/wp-json\/wp\/v2\/types\/page"}],"author":[{"embeddable":true,"href":"https:\/\/comadev.com\/en\/wp-json\/wp\/v2\/users\/2"}],"replies":[{"embeddable":true,"href":"https:\/\/comadev.com\/en\/wp-json\/wp\/v2\/comments?post=97"}],"version-history":[{"count":11,"href":"https:\/\/comadev.com\/en\/wp-json\/wp\/v2\/pages\/97\/revisions"}],"predecessor-version":[{"id":569,"href":"https:\/\/comadev.com\/en\/wp-json\/wp\/v2\/pages\/97\/revisions\/569"}],"wp:attachment":[{"href":"https:\/\/comadev.com\/en\/wp-json\/wp\/v2\/media?parent=97"}],"curies":[{"name":"wp","href":"https:\/\/api.w.org\/{rel}","templated":true}]}}